{"id":24576,"date":"2020-09-12T19:04:59","date_gmt":"2020-09-12T19:04:59","guid":{"rendered":"https:\/\/klackl-it.se\/wordpress\/?page_id=24576"},"modified":"2021-04-01T22:40:59","modified_gmt":"2021-04-01T22:40:59","slug":"24576-2","status":"publish","type":"page","link":"https:\/\/klackl-it.se\/index.php\/24576-2\/","title":{"rendered":"Best\u00e4lla"},"content":{"rendered":"<p>[et_pb_section fb_built=&#8221;1&#8243; _builder_version=&#8221;4.6.1&#8243; _module_preset=&#8221;default&#8221;][et_pb_row _builder_version=&#8221;4.6.1&#8243; _module_preset=&#8221;default&#8221;][et_pb_column type=&#8221;4_4&#8243; _builder_version=&#8221;4.6.1&#8243; _module_preset=&#8221;default&#8221;][et_pb_contact_form email=&#8221;markus@klackl-it.se&#8221; _builder_version=&#8221;4.9.2&#8243; _module_preset=&#8221;default&#8221; width=&#8221;100%&#8221; max_width=&#8221;100%&#8221; hover_enabled=&#8221;0&#8243; sticky_enabled=&#8221;0&#8243;][et_pb_contact_field field_id=&#8221;Kundtyp&#8221; field_title=&#8221;Kundtyp&#8221; field_type=&#8221;radio&#8221; radio_options=&#8221;%91{%22value%22:%22F\u00f6retag%22,%22checked%22:0,%22dragID%22:-1},{%22value%22:%22Privatperson%22,%22checked%22:0,%22dragID%22:0}%93&#8243; _builder_version=&#8221;4.6.1&#8243; _module_preset=&#8221;default&#8221;][\/et_pb_contact_field][et_pb_contact_field field_id=&#8221;Personnummer&#8221; field_title=&#8221;Personnummer&#8221; conditional_logic=&#8221;on&#8221; conditional_logic_rules=&#8221;%91{%22field%22:%22kundtyp%22,%22condition%22:%22is%22,%22value%22:%22Privatperson%22}%93&#8243; _builder_version=&#8221;4.6.1&#8243; _module_preset=&#8221;default&#8221;][\/et_pb_contact_field][et_pb_contact_field field_id=&#8221;Organisationsnummer&#8221; field_title=&#8221;Organisationsnummer&#8221; conditional_logic=&#8221;on&#8221; conditional_logic_rules=&#8221;%91{%22field%22:%22kundtyp%22,%22condition%22:%22is%22,%22value%22:%22F\u00f6retag%22}%93&#8243; _builder_version=&#8221;4.6.1&#8243; _module_preset=&#8221;default&#8221;][\/et_pb_contact_field][et_pb_contact_field field_id=&#8221;Telefon&#8221; field_title=&#8221;Telefon&#8221; required_mark=&#8221;off&#8221; _builder_version=&#8221;4.9.1&#8243; _module_preset=&#8221;default&#8221;][\/et_pb_contact_field][et_pb_contact_field field_id=&#8221;F\u00f6rnamn&#8221; field_title=&#8221;F\u00f6rnamn&#8221; _builder_version=&#8221;4.6.1&#8243; _module_preset=&#8221;default&#8221;][\/et_pb_contact_field][et_pb_contact_field field_id=&#8221;Efternamn&#8221; field_title=&#8221;Efternamn&#8221; _builder_version=&#8221;4.6.1&#8243; button_text_size__hover_enabled=&#8221;off&#8221; button_one_text_size__hover_enabled=&#8221;off&#8221; button_two_text_size__hover_enabled=&#8221;off&#8221; button_text_color__hover_enabled=&#8221;off&#8221; button_one_text_color__hover_enabled=&#8221;off&#8221; button_two_text_color__hover_enabled=&#8221;off&#8221; button_border_width__hover_enabled=&#8221;off&#8221; button_one_border_width__hover_enabled=&#8221;off&#8221; button_two_border_width__hover_enabled=&#8221;off&#8221; button_border_color__hover_enabled=&#8221;off&#8221; button_one_border_color__hover_enabled=&#8221;off&#8221; button_two_border_color__hover_enabled=&#8221;off&#8221; button_border_radius__hover_enabled=&#8221;off&#8221; button_one_border_radius__hover_enabled=&#8221;off&#8221; button_two_border_radius__hover_enabled=&#8221;off&#8221; button_letter_spacing__hover_enabled=&#8221;off&#8221; button_one_letter_spacing__hover_enabled=&#8221;off&#8221; button_two_letter_spacing__hover_enabled=&#8221;off&#8221; button_bg_color__hover_enabled=&#8221;off&#8221; button_one_bg_color__hover_enabled=&#8221;off&#8221; button_two_bg_color__hover_enabled=&#8221;off&#8221;][\/et_pb_contact_field][et_pb_contact_field field_id=&#8221;Email&#8221; field_title=&#8221;E-postadress&#8221; field_type=&#8221;email&#8221; _builder_version=&#8221;3.16&#8243; button_text_size__hover_enabled=&#8221;off&#8221; button_one_text_size__hover_enabled=&#8221;off&#8221; button_two_text_size__hover_enabled=&#8221;off&#8221; button_text_color__hover_enabled=&#8221;off&#8221; button_one_text_color__hover_enabled=&#8221;off&#8221; button_two_text_color__hover_enabled=&#8221;off&#8221; button_border_width__hover_enabled=&#8221;off&#8221; button_one_border_width__hover_enabled=&#8221;off&#8221; button_two_border_width__hover_enabled=&#8221;off&#8221; button_border_color__hover_enabled=&#8221;off&#8221; button_one_border_color__hover_enabled=&#8221;off&#8221; button_two_border_color__hover_enabled=&#8221;off&#8221; button_border_radius__hover_enabled=&#8221;off&#8221; button_one_border_radius__hover_enabled=&#8221;off&#8221; button_two_border_radius__hover_enabled=&#8221;off&#8221; button_letter_spacing__hover_enabled=&#8221;off&#8221; button_one_letter_spacing__hover_enabled=&#8221;off&#8221; button_two_letter_spacing__hover_enabled=&#8221;off&#8221; button_bg_color__hover_enabled=&#8221;off&#8221; button_one_bg_color__hover_enabled=&#8221;off&#8221; button_two_bg_color__hover_enabled=&#8221;off&#8221;][\/et_pb_contact_field][et_pb_contact_field field_id=&#8221;Message&#8221; field_title=&#8221;Meddelande&#8221; field_type=&#8221;text&#8221; fullwidth_field=&#8221;on&#8221; _builder_version=&#8221;3.16&#8243; button_text_size__hover_enabled=&#8221;off&#8221; button_one_text_size__hover_enabled=&#8221;off&#8221; button_two_text_size__hover_enabled=&#8221;off&#8221; button_text_color__hover_enabled=&#8221;off&#8221; button_one_text_color__hover_enabled=&#8221;off&#8221; button_two_text_color__hover_enabled=&#8221;off&#8221; button_border_width__hover_enabled=&#8221;off&#8221; button_one_border_width__hover_enabled=&#8221;off&#8221; button_two_border_width__hover_enabled=&#8221;off&#8221; button_border_color__hover_enabled=&#8221;off&#8221; button_one_border_color__hover_enabled=&#8221;off&#8221; button_two_border_color__hover_enabled=&#8221;off&#8221; button_border_radius__hover_enabled=&#8221;off&#8221; button_one_border_radius__hover_enabled=&#8221;off&#8221; button_two_border_radius__hover_enabled=&#8221;off&#8221; button_letter_spacing__hover_enabled=&#8221;off&#8221; button_one_letter_spacing__hover_enabled=&#8221;off&#8221; button_two_letter_spacing__hover_enabled=&#8221;off&#8221; button_bg_color__hover_enabled=&#8221;off&#8221; button_one_bg_color__hover_enabled=&#8221;off&#8221; button_two_bg_color__hover_enabled=&#8221;off&#8221;][\/et_pb_contact_field][et_pb_contact_field field_id=&#8221;kontakt_is_faktura&#8221; field_title=&#8221;Kontaktadress som fakturaadress?&#8221; field_type=&#8221;radio&#8221; radio_options=&#8221;%91{%22value%22:%22ja%22,%22checked%22:0,%22dragID%22:-1},{%22dragID%22:0,%22value%22:%22nej%22,%22checked%22:0}%93&#8243; fullwidth_field=&#8221;on&#8221; _builder_version=&#8221;4.9.2&#8243; _module_preset=&#8221;default&#8221;][\/et_pb_contact_field][et_pb_contact_field field_id=&#8221;doman_best\u00e4lla&#8221; field_title=&#8221;V\u00e4lj dom\u00e4nnamn&#8221; field_type=&#8221;radio&#8221; radio_options=&#8221;%91{%22value%22:%22Registrera en ny dom\u00e4n%22,%22checked%22:0,%22dragID%22:-1},{%22value%22:%22Flytta befintlig dom\u00e4n%22,%22checked%22:0,%22dragID%22:0},{%22value%22:%22Anv\u00e4nd befintlig dom\u00e4n som \u00e4r registrerad hos annan leverant\u00f6r%22,%22checked%22:0,%22dragID%22:1},{%22value%22:%22Jag vet inte. Jag vill bli kontaktade via telefon%22,%22checked%22:0,%22dragID%22:2}%93&#8243; fullwidth_field=&#8221;on&#8221; _builder_version=&#8221;4.9.1&#8243; _module_preset=&#8221;default&#8221;][\/et_pb_contact_field][et_pb_contact_field field_id=&#8221;dom\u00e4n_namn&#8221; field_title=&#8221;\u00f6nskad domain&#8221; fullwidth_field=&#8221;on&#8221; conditional_logic=&#8221;on&#8221; conditional_logic_relation=&#8221;on&#8221; conditional_logic_rules=&#8221;%91{%22field%22:%22doman_best\u00e4lla%22,%22condition%22:%22is%22,%22value%22:%22ja%22}%93&#8243; _builder_version=&#8221;4.9.1&#8243; _module_preset=&#8221;default&#8221;][\/et_pb_contact_field][et_pb_contact_field field_id=&#8221;ska_delas&#8221; field_title=&#8221;Postl\u00e5da ska delas med andra?&#8221; field_type=&#8221;radio&#8221; radio_options=&#8221;%91{%22value%22:%22ja%22,%22checked%22:1,%22dragID%22:-1},{%22value%22:%22nej%22,%22checked%22:0,%22dragID%22:0}%93&#8243; fullwidth_field=&#8221;on&#8221; _builder_version=&#8221;4.9.2&#8243; _module_preset=&#8221;default&#8221; hover_enabled=&#8221;0&#8243; sticky_enabled=&#8221;0&#8243;][\/et_pb_contact_field][et_pb_contact_field field_id=&#8221;antal_anv\u00e4ndare&#8221; field_title=&#8221;Antal postl\u00e5dor&#8221; max_length=&#8221;4&#8243; allowed_symbols=&#8221;numbers&#8221; _builder_version=&#8221;4.9.2&#8243; _module_preset=&#8221;default&#8221; hover_enabled=&#8221;0&#8243; max_width=&#8221;23%&#8221; sticky_enabled=&#8221;0&#8243;][\/et_pb_contact_field][et_pb_contact_field _builder_version=&#8221;4.9.2&#8243; _module_preset=&#8221;default&#8221; field_id=&#8221;Paket&#8221; field_title=&#8221;Paket&#8221; field_type=&#8221;select&#8221; select_options=&#8221;%91{%22value%22:%22Hosted Exchange &#8211; Standard (m\u00e5nad)%22,%22checked%22:0,%22dragID%22:-1},{%22value%22:%22Hosted Exchange &#8211; Standard (\u00e5rsabonnemang)%22,%22checked%22:0,%22dragID%22:2},{%22value%22:%22Hosted Exchange &#8211; Plus (m\u00e5nad)%22,%22checked%22:0,%22dragID%22:1},{%22value%22:%22Hosted Exchange &#8211; Plus (\u00e5rsabonnemang)%22,%22checked%22:0,%22dragID%22:0}%93&#8243; hover_enabled=&#8221;0&#8243; sticky_enabled=&#8221;0&#8243;][\/et_pb_contact_field][et_pb_contact_field field_id=&#8221;pl1_Name&#8221; field_title=&#8221;Namn&#8221; _builder_version=&#8221;4.9.2&#8243; _module_preset=&#8221;default&#8221; width=&#8221;100%&#8221; width_last_edited=&#8221;off|desktop&#8221; max_width=&#8221;100%&#8221;][\/et_pb_contact_field][et_pb_contact_field field_id=&#8221;pl1_Mail&#8221; field_title=&#8221;E-Postadress&#8221; field_type=&#8221;email&#8221; required_mark=&#8221;off&#8221; _builder_version=&#8221;4.9.2&#8243; _module_preset=&#8221;default&#8221; max_width=&#8221;100%&#8221;][\/et_pb_contact_field][et_pb_contact_field field_id=&#8221;pl2_Name&#8221; field_title=&#8221;Namn (anv\u00e4ndare 2)&#8221; conditional_logic=&#8221;on&#8221; conditional_logic_rules=&#8221;%91{%22field%22:%22antal_anv\u00e4ndare%22,%22condition%22:%22is greater%22,%22value%22:%221%22}%93&#8243; _builder_version=&#8221;4.9.2&#8243; _module_preset=&#8221;default&#8221; width=&#8221;100%&#8221; width_last_edited=&#8221;off|desktop&#8221; max_width=&#8221;100%&#8221;][\/et_pb_contact_field][et_pb_contact_field field_id=&#8221;pl2_Mail&#8221; field_title=&#8221;E-Postadress  (anv\u00e4ndare 2)&#8221; field_type=&#8221;email&#8221; required_mark=&#8221;off&#8221; conditional_logic=&#8221;on&#8221; conditional_logic_rules=&#8221;%91{%22field%22:%22antal_anv\u00e4ndare%22,%22condition%22:%22is greater%22,%22value%22:%221%22}%93&#8243; _builder_version=&#8221;4.9.2&#8243; _module_preset=&#8221;default&#8221; max_width=&#8221;100%&#8221;][\/et_pb_contact_field][et_pb_contact_field field_id=&#8221;pl3_Name&#8221; field_title=&#8221;Namn (anv\u00e4ndare 3)&#8221; conditional_logic=&#8221;on&#8221; conditional_logic_rules=&#8221;%91{%22field%22:%22antal_anv\u00e4ndare%22,%22condition%22:%22is greater%22,%22value%22:%222%22}%93&#8243; _builder_version=&#8221;4.9.2&#8243; _module_preset=&#8221;default&#8221; width=&#8221;100%&#8221; width_last_edited=&#8221;off|desktop&#8221; max_width=&#8221;100%&#8221;][\/et_pb_contact_field][et_pb_contact_field field_id=&#8221;pl3_Mail&#8221; field_title=&#8221;E-Postadress  (anv\u00e4ndare 3)&#8221; field_type=&#8221;email&#8221; required_mark=&#8221;off&#8221; conditional_logic=&#8221;on&#8221; conditional_logic_rules=&#8221;%91{%22field%22:%22antal_anv\u00e4ndare%22,%22condition%22:%22is greater%22,%22value%22:%222%22}%93&#8243; _builder_version=&#8221;4.9.2&#8243; _module_preset=&#8221;default&#8221; max_width=&#8221;100%&#8221;][\/et_pb_contact_field][et_pb_contact_field field_id=&#8221;pl4_Name&#8221; field_title=&#8221;Namn (anv\u00e4ndare 4)&#8221; conditional_logic=&#8221;on&#8221; conditional_logic_rules=&#8221;%91{%22field%22:%22antal_anv\u00e4ndare%22,%22condition%22:%22is greater%22,%22value%22:%223%22}%93&#8243; _builder_version=&#8221;4.9.2&#8243; _module_preset=&#8221;default&#8221; width=&#8221;100%&#8221; width_last_edited=&#8221;off|desktop&#8221; max_width=&#8221;100%&#8221;][\/et_pb_contact_field][et_pb_contact_field field_id=&#8221;pl4_Mail&#8221; field_title=&#8221;E-Postadress  (anv\u00e4ndare 4)&#8221; field_type=&#8221;email&#8221; required_mark=&#8221;off&#8221; conditional_logic=&#8221;on&#8221; conditional_logic_rules=&#8221;%91{%22field%22:%22antal_anv\u00e4ndare%22,%22condition%22:%22is greater%22,%22value%22:%223%22}%93&#8243; _builder_version=&#8221;4.9.2&#8243; _module_preset=&#8221;default&#8221; max_width=&#8221;100%&#8221;][\/et_pb_contact_field][et_pb_contact_field field_id=&#8221;pl5_Name&#8221; field_title=&#8221;Namn (anv\u00e4ndare 5)&#8221; conditional_logic=&#8221;on&#8221; conditional_logic_rules=&#8221;%91{%22field%22:%22antal_anv\u00e4ndare%22,%22condition%22:%22is greater%22,%22value%22:%224%22}%93&#8243; _builder_version=&#8221;4.9.2&#8243; _module_preset=&#8221;default&#8221; width=&#8221;100%&#8221; width_last_edited=&#8221;off|desktop&#8221; max_width=&#8221;100%&#8221;][\/et_pb_contact_field][et_pb_contact_field field_id=&#8221;pl5_Mail&#8221; field_title=&#8221;E-Postadress  (anv\u00e4ndare 5)&#8221; field_type=&#8221;email&#8221; required_mark=&#8221;off&#8221; conditional_logic=&#8221;on&#8221; conditional_logic_rules=&#8221;%91{%22field%22:%22antal_anv\u00e4ndare%22,%22condition%22:%22is greater%22,%22value%22:%224%22}%93&#8243; _builder_version=&#8221;4.9.2&#8243; _module_preset=&#8221;default&#8221; max_width=&#8221;100%&#8221;][\/et_pb_contact_field][et_pb_contact_field field_id=&#8221;pl6_Name&#8221; field_title=&#8221;Namn (anv\u00e4ndare 6)&#8221; conditional_logic=&#8221;on&#8221; conditional_logic_rules=&#8221;%91{%22field%22:%22antal_anv\u00e4ndare%22,%22condition%22:%22is greater%22,%22value%22:%225%22}%93&#8243; _builder_version=&#8221;4.9.2&#8243; _module_preset=&#8221;default&#8221; width=&#8221;100%&#8221; width_last_edited=&#8221;off|desktop&#8221; max_width=&#8221;100%&#8221;][\/et_pb_contact_field][et_pb_contact_field field_id=&#8221;pl6_Mail&#8221; field_title=&#8221;E-Postadress  (anv\u00e4ndare 6)&#8221; field_type=&#8221;email&#8221; required_mark=&#8221;off&#8221; conditional_logic=&#8221;on&#8221; conditional_logic_rules=&#8221;%91{%22field%22:%22antal_anv\u00e4ndare%22,%22condition%22:%22is greater%22,%22value%22:%225%22}%93&#8243; _builder_version=&#8221;4.9.2&#8243; _module_preset=&#8221;default&#8221; max_width=&#8221;100%&#8221;][\/et_pb_contact_field][et_pb_contact_field field_id=&#8221;pl7_Name&#8221; field_title=&#8221;Namn (anv\u00e4ndare 7)&#8221; conditional_logic=&#8221;on&#8221; conditional_logic_rules=&#8221;%91{%22field%22:%22antal_anv\u00e4ndare%22,%22condition%22:%22is greater%22,%22value%22:%226%22}%93&#8243; _builder_version=&#8221;4.9.2&#8243; _module_preset=&#8221;default&#8221; width=&#8221;100%&#8221; width_last_edited=&#8221;off|desktop&#8221; max_width=&#8221;100%&#8221;][\/et_pb_contact_field][et_pb_contact_field field_id=&#8221;pl7_Mail&#8221; field_title=&#8221;E-Postadress  (anv\u00e4ndare 7)&#8221; field_type=&#8221;email&#8221; required_mark=&#8221;off&#8221; conditional_logic=&#8221;on&#8221; conditional_logic_rules=&#8221;%91{%22field%22:%22antal_anv\u00e4ndare%22,%22condition%22:%22is greater%22,%22value%22:%226%22}%93&#8243; _builder_version=&#8221;4.9.2&#8243; _module_preset=&#8221;default&#8221; max_width=&#8221;100%&#8221;][\/et_pb_contact_field][et_pb_contact_field field_id=&#8221;pl8_Name&#8221; field_title=&#8221;Namn (anv\u00e4ndare 8)&#8221; conditional_logic=&#8221;on&#8221; conditional_logic_rules=&#8221;%91{%22field%22:%22antal_anv\u00e4ndare%22,%22condition%22:%22is greater%22,%22value%22:%227%22}%93&#8243; _builder_version=&#8221;4.9.2&#8243; _module_preset=&#8221;default&#8221; width=&#8221;100%&#8221; width_last_edited=&#8221;off|desktop&#8221; max_width=&#8221;100%&#8221;][\/et_pb_contact_field][et_pb_contact_field field_id=&#8221;pl8_Mail&#8221; field_title=&#8221;E-Postadress  (anv\u00e4ndare 8)&#8221; field_type=&#8221;email&#8221; required_mark=&#8221;off&#8221; conditional_logic=&#8221;on&#8221; conditional_logic_rules=&#8221;%91{%22field%22:%22antal_anv\u00e4ndare%22,%22condition%22:%22is greater%22,%22value%22:%227%22}%93&#8243; _builder_version=&#8221;4.9.2&#8243; _module_preset=&#8221;default&#8221; max_width=&#8221;100%&#8221;][\/et_pb_contact_field][et_pb_contact_field field_id=&#8221;pl9_Name&#8221; field_title=&#8221;Namn (anv\u00e4ndare 9)&#8221; conditional_logic=&#8221;on&#8221; conditional_logic_rules=&#8221;%91{%22field%22:%22antal_anv\u00e4ndare%22,%22condition%22:%22is greater%22,%22value%22:%228%22}%93&#8243; _builder_version=&#8221;4.9.2&#8243; _module_preset=&#8221;default&#8221; width=&#8221;100%&#8221; width_last_edited=&#8221;off|desktop&#8221; max_width=&#8221;100%&#8221;][\/et_pb_contact_field][et_pb_contact_field field_id=&#8221;pl9_Mail&#8221; field_title=&#8221;E-Postadress  (anv\u00e4ndare 9)&#8221; field_type=&#8221;email&#8221; required_mark=&#8221;off&#8221; conditional_logic=&#8221;on&#8221; conditional_logic_rules=&#8221;%91{%22field%22:%22antal_anv\u00e4ndare%22,%22condition%22:%22is greater%22,%22value%22:%228%22}%93&#8243; _builder_version=&#8221;4.9.2&#8243; _module_preset=&#8221;default&#8221; max_width=&#8221;100%&#8221;][\/et_pb_contact_field][et_pb_contact_field field_id=&#8221;pl10_Mail&#8221; field_title=&#8221;E-Postadress  (anv\u00e4ndare 10)&#8221; field_type=&#8221;email&#8221; required_mark=&#8221;off&#8221; conditional_logic=&#8221;on&#8221; conditional_logic_rules=&#8221;%91{%22field%22:%22antal_anv\u00e4ndare%22,%22condition%22:%22is greater%22,%22value%22:%229%22}%93&#8243; _builder_version=&#8221;4.9.2&#8243; _module_preset=&#8221;default&#8221; max_width=&#8221;100%&#8221;][\/et_pb_contact_field][et_pb_contact_field field_id=&#8221;pl10_Name&#8221; field_title=&#8221;Namn (anv\u00e4ndare 10)&#8221; conditional_logic=&#8221;on&#8221; conditional_logic_rules=&#8221;%91{%22field%22:%22antal_anv\u00e4ndare%22,%22condition%22:%22is greater%22,%22value%22:%229%22}%93&#8243; _builder_version=&#8221;4.9.2&#8243; _module_preset=&#8221;default&#8221; width=&#8221;100%&#8221; width_last_edited=&#8221;off|desktop&#8221; max_width=&#8221;100%&#8221;][\/et_pb_contact_field][\/et_pb_contact_form][et_pb_divider _builder_version=&#8221;4.9.1&#8243; _module_preset=&#8221;default&#8221;][\/et_pb_divider][\/et_pb_column][\/et_pb_row][\/et_pb_section]<\/p>\n","protected":false},"excerpt":{"rendered":"","protected":false},"author":1,"featured_media":0,"parent":0,"menu_order":0,"comment_status":"closed","ping_status":"closed","template":"","meta":{"_et_pb_use_builder":"on","_et_pb_old_content":"","_et_gb_content_width":"","footnotes":""},"class_list":["post-24576","page","type-page","status-publish","hentry"],"yoast_head":"<!-- This site is optimized with the Yoast SEO plugin v27.2 - https:\/\/yoast.com\/product\/yoast-seo-wordpress\/ -->\n<title>Best\u00e4lla - Klackl-IT<\/title>\n<meta name=\"robots\" content=\"index, follow, max-snippet:-1, max-image-preview:large, max-video-preview:-1\" \/>\n<link rel=\"canonical\" href=\"https:\/\/klackl-it.se\/index.php\/24576-2\/\" \/>\n<meta property=\"og:locale\" content=\"sv_SE\" \/>\n<meta property=\"og:type\" content=\"article\" \/>\n<meta property=\"og:title\" content=\"Best\u00e4lla - Klackl-IT\" \/>\n<meta property=\"og:url\" content=\"https:\/\/klackl-it.se\/index.php\/24576-2\/\" \/>\n<meta property=\"og:site_name\" content=\"Klackl-IT\" \/>\n<meta property=\"article:modified_time\" content=\"2021-04-01T22:40:59+00:00\" \/>\n<meta name=\"twitter:card\" content=\"summary_large_image\" \/>\n<meta name=\"twitter:label1\" content=\"Ber\u00e4knad l\u00e4stid\" \/>\n\t<meta name=\"twitter:data1\" content=\"9 minuter\" \/>\n<script type=\"application\/ld+json\" class=\"yoast-schema-graph\">{\"@context\":\"https:\/\/schema.org\",\"@graph\":[{\"@type\":\"WebPage\",\"@id\":\"https:\/\/klackl-it.se\/index.php\/24576-2\/\",\"url\":\"https:\/\/klackl-it.se\/index.php\/24576-2\/\",\"name\":\"Best\u00e4lla - Klackl-IT\",\"isPartOf\":{\"@id\":\"https:\/\/klackl-it.se\/#website\"},\"datePublished\":\"2020-09-12T19:04:59+00:00\",\"dateModified\":\"2021-04-01T22:40:59+00:00\",\"breadcrumb\":{\"@id\":\"https:\/\/klackl-it.se\/index.php\/24576-2\/#breadcrumb\"},\"inLanguage\":\"sv-SE\",\"potentialAction\":[{\"@type\":\"ReadAction\",\"target\":[\"https:\/\/klackl-it.se\/index.php\/24576-2\/\"]}]},{\"@type\":\"BreadcrumbList\",\"@id\":\"https:\/\/klackl-it.se\/index.php\/24576-2\/#breadcrumb\",\"itemListElement\":[{\"@type\":\"ListItem\",\"position\":1,\"name\":\"Hem\",\"item\":\"https:\/\/klackl-it.se\/\"},{\"@type\":\"ListItem\",\"position\":2,\"name\":\"Best\u00e4lla\"}]},{\"@type\":\"WebSite\",\"@id\":\"https:\/\/klackl-it.se\/#website\",\"url\":\"https:\/\/klackl-it.se\/\",\"name\":\"Klackl-IT\",\"description\":\"individual solutions\",\"publisher\":{\"@id\":\"https:\/\/klackl-it.se\/#organization\"},\"potentialAction\":[{\"@type\":\"SearchAction\",\"target\":{\"@type\":\"EntryPoint\",\"urlTemplate\":\"https:\/\/klackl-it.se\/?s={search_term_string}\"},\"query-input\":{\"@type\":\"PropertyValueSpecification\",\"valueRequired\":true,\"valueName\":\"search_term_string\"}}],\"inLanguage\":\"sv-SE\"},{\"@type\":\"Organization\",\"@id\":\"https:\/\/klackl-it.se\/#organization\",\"name\":\"Klackl-IT\",\"url\":\"https:\/\/klackl-it.se\/\",\"logo\":{\"@type\":\"ImageObject\",\"inLanguage\":\"sv-SE\",\"@id\":\"https:\/\/klackl-it.se\/#\/schema\/logo\/image\/\",\"url\":\"https:\/\/klackl-it.se\/wordpress\/wp-content\/uploads\/2020\/09\/Klackl-it-logo_2020.jpg\",\"contentUrl\":\"https:\/\/klackl-it.se\/wordpress\/wp-content\/uploads\/2020\/09\/Klackl-it-logo_2020.jpg\",\"width\":1000,\"height\":266,\"caption\":\"Klackl-IT\"},\"image\":{\"@id\":\"https:\/\/klackl-it.se\/#\/schema\/logo\/image\/\"},\"sameAs\":[\"https:\/\/www.instagram.com\/klackl.it\/\",\"http:\/\/www.linkedin.com\/in\/klackl-it\"]}]}<\/script>\n<!-- \/ Yoast SEO plugin. -->","yoast_head_json":{"title":"Best\u00e4lla - Klackl-IT","robots":{"index":"index","follow":"follow","max-snippet":"max-snippet:-1","max-image-preview":"max-image-preview:large","max-video-preview":"max-video-preview:-1"},"canonical":"https:\/\/klackl-it.se\/index.php\/24576-2\/","og_locale":"sv_SE","og_type":"article","og_title":"Best\u00e4lla - Klackl-IT","og_url":"https:\/\/klackl-it.se\/index.php\/24576-2\/","og_site_name":"Klackl-IT","article_modified_time":"2021-04-01T22:40:59+00:00","twitter_card":"summary_large_image","twitter_misc":{"Ber\u00e4knad l\u00e4stid":"9 minuter"},"schema":{"@context":"https:\/\/schema.org","@graph":[{"@type":"WebPage","@id":"https:\/\/klackl-it.se\/index.php\/24576-2\/","url":"https:\/\/klackl-it.se\/index.php\/24576-2\/","name":"Best\u00e4lla - Klackl-IT","isPartOf":{"@id":"https:\/\/klackl-it.se\/#website"},"datePublished":"2020-09-12T19:04:59+00:00","dateModified":"2021-04-01T22:40:59+00:00","breadcrumb":{"@id":"https:\/\/klackl-it.se\/index.php\/24576-2\/#breadcrumb"},"inLanguage":"sv-SE","potentialAction":[{"@type":"ReadAction","target":["https:\/\/klackl-it.se\/index.php\/24576-2\/"]}]},{"@type":"BreadcrumbList","@id":"https:\/\/klackl-it.se\/index.php\/24576-2\/#breadcrumb","itemListElement":[{"@type":"ListItem","position":1,"name":"Hem","item":"https:\/\/klackl-it.se\/"},{"@type":"ListItem","position":2,"name":"Best\u00e4lla"}]},{"@type":"WebSite","@id":"https:\/\/klackl-it.se\/#website","url":"https:\/\/klackl-it.se\/","name":"Klackl-IT","description":"individual solutions","publisher":{"@id":"https:\/\/klackl-it.se\/#organization"},"potentialAction":[{"@type":"SearchAction","target":{"@type":"EntryPoint","urlTemplate":"https:\/\/klackl-it.se\/?s={search_term_string}"},"query-input":{"@type":"PropertyValueSpecification","valueRequired":true,"valueName":"search_term_string"}}],"inLanguage":"sv-SE"},{"@type":"Organization","@id":"https:\/\/klackl-it.se\/#organization","name":"Klackl-IT","url":"https:\/\/klackl-it.se\/","logo":{"@type":"ImageObject","inLanguage":"sv-SE","@id":"https:\/\/klackl-it.se\/#\/schema\/logo\/image\/","url":"https:\/\/klackl-it.se\/wordpress\/wp-content\/uploads\/2020\/09\/Klackl-it-logo_2020.jpg","contentUrl":"https:\/\/klackl-it.se\/wordpress\/wp-content\/uploads\/2020\/09\/Klackl-it-logo_2020.jpg","width":1000,"height":266,"caption":"Klackl-IT"},"image":{"@id":"https:\/\/klackl-it.se\/#\/schema\/logo\/image\/"},"sameAs":["https:\/\/www.instagram.com\/klackl.it\/","http:\/\/www.linkedin.com\/in\/klackl-it"]}]}},"_links":{"self":[{"href":"https:\/\/klackl-it.se\/index.php\/wp-json\/wp\/v2\/pages\/24576","targetHints":{"allow":["GET"]}}],"collection":[{"href":"https:\/\/klackl-it.se\/index.php\/wp-json\/wp\/v2\/pages"}],"about":[{"href":"https:\/\/klackl-it.se\/index.php\/wp-json\/wp\/v2\/types\/page"}],"author":[{"embeddable":true,"href":"https:\/\/klackl-it.se\/index.php\/wp-json\/wp\/v2\/users\/1"}],"replies":[{"embeddable":true,"href":"https:\/\/klackl-it.se\/index.php\/wp-json\/wp\/v2\/comments?post=24576"}],"version-history":[{"count":15,"href":"https:\/\/klackl-it.se\/index.php\/wp-json\/wp\/v2\/pages\/24576\/revisions"}],"predecessor-version":[{"id":25010,"href":"https:\/\/klackl-it.se\/index.php\/wp-json\/wp\/v2\/pages\/24576\/revisions\/25010"}],"wp:attachment":[{"href":"https:\/\/klackl-it.se\/index.php\/wp-json\/wp\/v2\/media?parent=24576"}],"curies":[{"name":"wp","href":"https:\/\/api.w.org\/{rel}","templated":true}]}}